{"id":207,"date":"2015-12-06T00:39:54","date_gmt":"2015-12-05T21:39:54","guid":{"rendered":"https:\/\/n-skater.ru\/?page_id=207"},"modified":"2024-04-22T11:40:51","modified_gmt":"2024-04-22T08:40:51","slug":"%d1%87%d1%82%d0%be-%d1%8d%d1%82%d0%be","status":"publish","type":"page","link":"https:\/\/n-skater.ru\/?page_id=207","title":{"rendered":"\u0427\u0442\u043e \u044d\u0442\u043e"},"content":{"rendered":"<p>\u041a\u043e\u043d\u044c\u043a\u0438 \u043d\u0430 \u043f\u0440\u0438\u0440\u043e\u0434\u0435 &#8212; \u044d\u0442\u043e \u0441\u0432\u043e\u0431\u043e\u0434\u0430 \u00a0\u043c\u0435\u0447\u0442\u044b!<a href=\"https:\/\/n-skater.ru\/wp-content\/uploads\/2015\/12\/skating_.png\"><img loading=\"lazy\" decoding=\"async\" class=\"size-medium wp-image-237 alignright\" src=\"https:\/\/n-skater.ru\/wp-content\/uploads\/2015\/12\/skating_-300x198.png\" alt=\"skating_\" width=\"300\" height=\"198\" srcset=\"https:\/\/n-skater.ru\/wp-content\/uploads\/2015\/12\/skating_-300x198.png 300w, https:\/\/n-skater.ru\/wp-content\/uploads\/2015\/12\/skating_.png 596w\" sizes=\"auto, (max-width: 300px) 100vw, 300px\" \/><\/a><\/p>\n<p>\u041a\u043e\u043d\u044c\u043a\u0438 &#8212; \u044d\u0442\u043e \u0441\u043b\u043e\u0432\u043e, \u043a\u043e\u0442\u043e\u0440\u043e\u0435 \u043e\u0431\u044a\u0435\u0434\u0438\u043d\u044f\u0435\u0442 \u0442\u0430\u043a\u0438\u0435 \u0440\u0430\u0437\u043d\u044b\u0435 \u0434\u0438\u0441\u0446\u0438\u043f\u043b\u0438\u043d\u044b \u043a\u0430\u043a \u0444\u0438\u0433\u0443\u0440\u043d\u043e\u0435 \u043a\u0430\u0442\u0430\u043d\u0438\u0435, \u0445\u043e\u043a\u043a\u0435\u0439, \u0441\u043a\u043e\u0440\u043e\u0441\u0442\u043d\u043e\u0439 \u0431\u0435\u0433, \u0448\u043e\u0440\u0442-\u0442\u0440\u0435\u043a, \u043a\u0430\u0442\u0430\u043d\u0438\u0435 \u043d\u0430 \u0434\u043b\u0438\u043d\u043d\u044b\u0435 \u0434\u0438\u0441\u0442\u0430\u043d\u0446\u0438\u0438 (\u0433\u043e\u043b\u043b\u0430\u043d\u0434\u0441\u043a\u043e\u0435), \u043f\u043e\u0445\u043e\u0434\u044b, \u043f\u0443\u0442\u0435\u0448\u0435\u0441\u0442\u0432\u0438\u044f \u043d\u0430 \u0434\u043b\u0438\u043d\u043d\u044b\u0435 \u0434\u0438\u0441\u0442\u0430\u043d\u0446\u0438\u0438 (\u0448\u0432\u0435\u0434\u0441\u043a\u0438\u0435), \u0430 \u0442\u0430\u043a\u0436\u0435 \u043a\u0430\u0442\u043e\u043a \u0432\u043e \u0434\u0432\u043e\u0440\u0435 \u0438\u043b\u0438 \u043d\u0430 \u043f\u0440\u0443\u0434\u0443, \u043d\u0430 \u0440\u0435\u0447\u043a\u0435 \u0432 \u0434\u0435\u0440\u0435\u0432\u043d\u0435.<\/p>\n<p>\u0415\u0441\u0442\u044c \u0434\u0432\u0430 \u0440\u0430\u0437\u043b\u0438\u0447\u043d\u044b\u0445 \u043f\u043e\u0434\u0445\u043e\u0434\u0430 \u043a \u043a\u0430\u0442\u0430\u043d\u0438\u044e \u043d\u0430 \u043a\u043e\u043d\u044c\u043a\u0430\u0445 \u043d\u0430 \u0434\u043b\u0438\u043d\u043d\u044b\u0435 \u0434\u0438\u0441\u0442\u0430\u043d\u0446\u0438\u0438 &#8212; \u0433\u043e\u043b\u043b\u0430\u043d\u0434\u0441\u043a\u0438\u0439 \u0438 \u0448\u0432\u0435\u0434\u0441\u043a\u0438\u0439.<\/p>\n<p>\u0413\u043e\u043b\u043b\u0430\u043d\u0434\u0441\u043a\u0438\u0439 &#8212; \u043f\u043e\u0434\u0440\u0430\u0437\u0443\u043c\u0435\u0432\u0430\u0435\u0442 \u043a\u0430\u0442\u0430\u043d\u0438\u0435 \u043f\u043e \u0437\u0430\u0440\u0430\u043d\u0435\u0435 \u0440\u0430\u0437\u043c\u0435\u0447\u0435\u043d\u043d\u044b\u043c \u043c\u0430\u0440\u0448\u0440\u0443\u0442\u0430\u043c (\u043f\u043e \u043a\u0430\u043d\u0430\u043b\u0430\u043c) \u0432\u043d\u0443\u0442\u0440\u0438 \u0446\u0438\u0432\u0438\u043b\u0438\u0437\u0430\u0446\u0438\u0438. \u0420\u0438\u0441\u043a \u044d\u043a\u0441\u0442\u0440\u0435\u043c\u0430\u043b\u044c\u043d\u044b\u0445 \u0441\u0438\u0442\u0443\u0430\u0446\u0438\u0439 \u043c\u0438\u043d\u0438\u043c\u0430\u043b\u0435\u043d, \u0433\u043e\u043b\u043b\u0430\u043d\u0434\u0446\u044b, \u043a\u0430\u043a \u043f\u0440\u0430\u0432\u0438\u043b\u043e, \u043a\u0430\u0442\u0430\u044e\u0442\u0441\u044f \u043d\u0430\u043b\u0435\u0433\u043a\u0435.<\/p>\n<p>\u0428\u0432\u0435\u0434\u0441\u043a\u0438\u0439 &#8212; \u044d\u0442\u043e \u043f\u0443\u0442\u0435\u0448\u0435\u0441\u0442\u0432\u0438\u044f \u043d\u0430 \u043a\u043e\u043d\u044c\u043a\u0430\u0445 \u043f\u043e \u043e\u0437\u0435\u0440\u0430\u043c, \u043f\u043e \u0430\u043a\u0432\u0430\u0442\u043e\u0440\u0438\u0438 \u043c\u043e\u0440\u0441\u043a\u043e\u0433\u043e \u0430\u0440\u0445\u0438\u043f\u0435\u043b\u0430\u0433\u0430 \u0432\u0434\u0430\u043b\u0438 \u043e\u0442 \u0442\u043e\u0447\u0435\u043a \u0446\u0438\u0432\u0438\u043b\u0438\u0437\u0430\u0446\u0438\u0438, \u0433\u0434\u0435 \u0440\u0430\u0441\u0441\u0447\u0438\u0442\u044b\u0432\u0430\u0442\u044c \u043f\u0440\u0438\u0445\u043e\u0434\u0438\u0442\u0441\u044f \u0432 \u043f\u0435\u0440\u0432\u0443\u044e \u043e\u0447\u0435\u0440\u0435\u0434\u044c \u043d\u0430 \u0441\u0435\u0431\u044f \u0438 \u0441\u0432\u043e\u0438 \u0441\u043e\u0431\u0441\u0442\u0432\u0435\u043d\u043d\u044b\u0435 \u0441\u0438\u043b\u044b. \u0417\u0434\u0435\u0441\u044c \u043e\u0441\u043e\u0431\u043e\u0435 \u0432\u043d\u0438\u043c\u0430\u043d\u0438\u0435 \u0443\u0434\u0435\u043b\u044f\u0435\u0442\u0441\u044f \u0440\u0438\u0441\u043a\u0430\u043c \u0438 \u0432\u0441\u0435\u043c\u0443, \u0447\u0442\u043e \u0441 \u044d\u0442\u0438\u043c\u0438 \u0440\u0438\u0441\u043a\u0430\u043c\u0438 \u0441\u0432\u044f\u0437\u0430\u043d\u043e. \u041d\u0435\u043c\u0430\u043b\u043e\u0432\u0430\u0436\u043d\u044b\u043c \u0430\u0441\u043f\u0435\u043a\u0442\u043e\u043c \u044f\u0432\u043b\u044f\u0435\u0442\u0441\u044f <a href=\"https:\/\/youtu.be\/QB9abmOU6TM?si=Fa3P1F6tXCX242rF\">\u043c\u0435\u0434\u0438\u0442\u0430\u0446\u0438\u044f \u043d\u0430 \u043f\u0440\u0438\u0440\u043e\u0434\u0435<\/a><\/p>\n<p>\u041f\u0443\u0442\u0435\u0448\u0435\u0441\u0442\u0432\u0438\u044f \u043d\u0430 \u043a\u043e\u043d\u044c\u043a\u0430\u0445 \u043d\u0430 \u0434\u043b\u0438\u043d\u043d\u044b\u0435 \u0434\u0438\u0441\u0442\u0430\u043d\u0446\u0438\u0438 &#8212; \u044d\u0442\u043e \u043f\u0440\u0435\u0436\u0434\u0435 \u0432\u0441\u0435\u0433\u043e <b>\u043e\u0442\u0432\u0435\u0442\u0441\u0442\u0432\u0435\u043d\u043d\u043e\u0441\u0442\u044c<\/b> \u0437\u0430 \u0441\u0435\u0431\u044f \u0438 \u0437\u0430 \u0441\u0432\u043e\u0438 \u0434\u0435\u0439\u0441\u0442\u0432\u0438\u044f \u0432\u0434\u0430\u043b\u0438 \u043e\u0442 \u0431\u0435\u0440\u0435\u0433\u0430, \u0432\u0434\u0430\u043b\u0438 \u043e\u0442 \u0442\u0435\u0445, \u043a\u0442\u043e \u043c\u043e\u0433 \u0431\u044b \u043e\u043a\u0430\u0437\u0430\u0442\u044c \u0431\u044b\u0441\u0442\u0440\u0443\u044e \u043f\u043e\u043c\u043e\u0449\u044c.<\/p>\n<p>\u041f\u043e\u0445\u043e\u0434\u044b \u043d\u0430 \u043a\u043e\u043d\u044c\u043a\u0430\u0445 \u043d\u0430 \u0434\u043b\u0438\u043d\u043d\u044b\u0435 \u0434\u0438\u0441\u0442\u0430\u043d\u0446\u0438\u0438 (\u0448\u0432\u0435\u0434\u0441\u043a. l\u00e5ngf\u00e4rdsskridsko\u00e5kning) \u043e\u0442\u043b\u0438\u0447\u0430\u0435\u0442 \u043f\u0440\u043e\u0434\u0443\u043c\u0430\u043d\u043d\u043e\u0435 \u0441\u043d\u0430\u0440\u044f\u0436\u0435\u043d\u0438\u0435, \u0437\u043d\u0430\u043d\u0438\u0435 \u043e\u0441\u043e\u0431\u0435\u043d\u043d\u043e\u0441\u0442\u0435\u0439 \u043b\u044c\u0434\u0430, \u0432\u043b\u0430\u0434\u0435\u043d\u0438\u0435 \u0442\u0435\u0445\u043d\u0438\u043a\u043e\u0439 \u043a\u0430\u0442\u0430\u043d\u0438\u044f \u043d\u0430 \u0434\u043b\u0438\u043d\u043d\u044b\u0435 \u0434\u0438\u0441\u0442\u0430\u043d\u0446\u0438\u0438, \u043d\u0430\u0432\u044b\u043a\u0438 \u0434\u0435\u0439\u0441\u0442\u0432\u0438\u044f \u0432 \u044d\u043a\u0441\u0442\u0440\u0435\u043c\u0430\u043b\u044c\u043d\u044b\u0445 \u0443\u0441\u043b\u043e\u0432\u0438\u044f\u0445, \u0443\u043c\u0435\u043d\u0438\u0435 \u0440\u0430\u0431\u043e\u0442\u0430\u0442\u044c \u0441 \u043f\u0440\u043e\u0433\u043d\u043e\u0437\u0430\u043c\u0438 \u043f\u043e\u0433\u043e\u0434\u044b, \u0447\u0438\u0442\u0430\u0442\u044c \u0441\u043f\u0443\u0442\u043d\u0438\u043a\u043e\u0432\u044b\u0435 \u0441\u043d\u0438\u043c\u043a\u0438, \u043f\u043b\u0430\u043d\u0438\u0440\u043e\u0432\u0430\u0442\u044c \u0441\u043b\u043e\u0436\u043d\u044b\u0435 \u0438\u043d\u0442\u0435\u0440\u0435\u0441\u043d\u044b\u0435 \u043c\u0430\u0440\u0448\u0440\u0443\u0442\u044b.<\/p>\n<p>\u0427\u0435\u0442\u044b\u0440\u0435 \u0437\u043d\u0430\u044e \u0434\u043b\u044f \u043f\u043e\u0445\u043e\u0434\u0430 \u043d\u0430 \u043a\u043e\u043d\u044c\u043a\u0430\u0445:<\/p>\n<ol>\n<li><a href=\"https:\/\/n-skater.ru\/?page_id=36\">\u0417\u043d\u0430\u044e\u00a0\u043b\u0435\u0434<\/a><\/li>\n<li><a href=\"https:\/\/n-skater.ru\/?page_id=45\">\u0417\u043d\u0430\u044e \u0441\u0432\u043e\u0435 \u0441\u043d\u0430\u0440\u044f\u0436\u0435\u043d\u0438\u0435<\/a><\/li>\n<li>\u0417\u043d\u0430\u044e \u0438 \u0432\u043b\u0430\u0434\u0435\u044e <a href=\"https:\/\/youtu.be\/YgemrvQFPb0\" target=\"_blank\" rel=\"noopener noreferrer\">\u0442\u0435\u0445\u043d\u0438\u043a\u043e\u0439 \u043a\u0430\u0442\u0430\u043d\u0438\u044f<\/a><\/li>\n<li>\u0417\u043d\u0430\u044e \u0441 \u043a\u0435\u043c \u0438 \u043a\u0443\u0434\u0430 \u043e\u0442\u043f\u0440\u0430\u0432\u043b\u044f\u044e\u0441\u044c \u043e\u0442 \u0431\u0435\u0440\u0435\u0433\u0430<\/li>\n<\/ol>\n<p>\u0414\u043b\u0438\u0442\u0435\u043b\u044c\u043d\u043e\u0441\u0442\u044c \u043f\u043e\u0445\u043e\u0434\u043e\u0432 \u043d\u0430 \u043a\u043e\u043d\u044c\u043a\u0430\u0445 \u0441\u043e\u0441\u0442\u0430\u0432\u043b\u044f\u0435\u0442 10-20-30\u043a\u043c \u0434\u043b\u044f \u043d\u043e\u0432\u0438\u0447\u043a\u043e\u0432, 30-70\u043a\u043c \u0434\u043b\u044f \u043b\u044e\u0431\u0438\u0442\u0435\u043b\u0435\u0439 \u0441\u0440\u0435\u0434\u043d\u0435\u0433\u043e \u0443\u0440\u043e\u0432\u043d\u044f, \u0438 50-100\u043a\u043c \u0434\u043b\u044f \u043e\u043f\u044b\u0442\u043d\u044b\u0445 \u043b\u044e\u0434\u0435\u0439. \u0417\u0430 \u0441\u0435\u0437\u043e\u043d \u0443\u0434\u0430\u0435\u0442\u0441\u044f \u0441\u0434\u0435\u043b\u0430\u0442\u044c \u043f\u043e\u0440\u044f\u0434\u043a\u0430 10-20 \u0432\u044b\u0445\u043e\u0434\u043e\u0432 \u043d\u0430 \u043f\u0440\u0438\u0440\u043e\u0434\u043d\u044b\u0439 \u043b\u0435\u0434 \u0438 \u043e\u0431\u0449\u0438\u0439 \u043d\u0430\u043a\u0430\u0442 \u0432 \u0441\u0435\u0437\u043e\u043d\u0435, \u043a\u0430\u043a \u043f\u0440\u0430\u0432\u0438\u043b\u043e, \u0432\u0430\u0440\u044c\u0438\u0440\u0443\u0435\u0442\u0441\u044f \u043e\u0442\u00a0 100 \u0434\u043e 500-800 \u043a\u043c. \u0432 \u0437\u0430\u0432\u0438\u0441\u0438\u043c\u043e\u0441\u0442\u0438 \u043e\u0442 \u0443\u0440\u043e\u0432\u043d\u044f \u043f\u043e\u0434\u0433\u043e\u0442\u043e\u0432\u043a\u0438.<\/p>\n<p>\u041a\u043e\u0440\u043e\u0442\u043a\u0438\u0435 \u0432\u044b\u043b\u0430\u0437\u043a\u0438 \u0438 \u0440\u0430\u0437\u043d\u043e\u043e\u0431\u0440\u0430\u0437\u043d\u044b\u0435 \u0442\u0443\u0440\u044b \u043c\u043e\u0433\u0443\u0442 \u0441\u0438\u043b\u044c\u043d\u043e \u0440\u0430\u0437\u043b\u0438\u0447\u0430\u0442\u044c\u0441\u044f \u043f\u043e \u043f\u043e\u0433\u043e\u0434\u0435, \u043f\u043e \u043a\u0430\u0447\u0435\u0441\u0442\u0432\u0443 \u043b\u044c\u0434\u0430, \u043f\u043e \u043e\u043a\u0440\u0443\u0436\u0430\u044e\u0449\u0435\u0439 \u043f\u0440\u0438\u0440\u043e\u0434\u0435, \u043f\u043e \u043d\u043e\u0432\u0438\u0437\u043d\u0435, \u043f\u043e \u0432\u0440\u0435\u043c\u0435\u043d\u0438 \u0441\u0443\u0442\u043e\u043a, \u043f\u043e \u0432\u0440\u0435\u043c\u0435\u043d\u0438 \u0433\u043e\u0434\u0430, \u043f\u043e \u0433\u0440\u0443\u043f\u043f\u0435, \u043f\u043e \u043b\u043e\u0433\u0438\u0441\u0442\u0438\u043a\u0435, \u043f\u043e \u043f\u0440\u043e\u0434\u043e\u043b\u0436\u0438\u0442\u0435\u043b\u044c\u043d\u043e\u0441\u0442\u0438, \u043f\u043e \u0441\u043b\u043e\u0436\u043d\u043e\u0441\u0442\u0438 \u043c\u0430\u0440\u0448\u0440\u0443\u0442\u0430, \u043f\u043e \u044d\u043a\u0441\u043a\u043b\u044e\u0437\u0438\u0432\u043d\u043e\u0441\u0442\u0438 \u0438 \u0443\u043d\u0438\u043a\u0430\u043b\u044c\u043d\u043e\u0441\u0442\u0438, \u043f\u043e \u0444\u043e\u0442\u043e \u0438 \u0432\u0438\u0434\u0435\u043e \u043c\u0430\u0442\u0435\u0440\u0438\u0430\u043b\u0430\u043c, \u043f\u043e \u0440\u0435\u0430\u043a\u0446\u0438\u0438 \u043e\u043a\u0440\u0443\u0436\u0435\u043d\u0438\u044f, \u043f\u043e \u0437\u0430\u0440\u044f\u0434\u0443 \u044d\u043d\u0435\u0440\u0433\u0438\u0438, \u043f\u043e \u0432\u043f\u0435\u0447\u0430\u0442\u043b\u0435\u043d\u0438\u044f\u043c \u0438 \u0440\u0430\u0441\u0441\u043a\u0430\u0437\u0430\u043c, \u0438 \u0432\u0441\u0435 \u044d\u0442\u043e \u043d\u0430\u0434\u043e \u0443\u0447\u0438\u0442\u044b\u0432\u0430\u0442\u044c \u043d\u0430\u0440\u044f\u0434\u0443 \u0441 \u043a\u043c.\u043f\u0440\u043e\u0431\u0435\u0433\u0430. \u041a\u0430\u0436\u0434\u044b\u0439 \u043c\u043e\u0436\u0435\u0442 \u043d\u0430\u0439\u0442\u0438 \u0437\u0434\u0435\u0441\u044c \u0447\u0442\u043e-\u0442\u043e \u0441\u0432\u043e\u0435.<\/p>\n<hr \/>\n<p>\u0417\u0430\u043f\u0438\u0441\u044c \u0432\u0435\u0431\u0438\u043d\u0430\u0440\u0430 \u043e\u0442 11.12.2020<\/p>\n<ol>\n<li><a href=\"https:\/\/disk.yandex.ru\/d\/8eFHjpsihgWqDg\">\u041f\u043e\u0445\u043e\u0434\u044b \u043d\u0430 \u043a\u043e\u043d\u044c\u043a\u0430\u0445 \/ Nature Skating \/ L\u00e5ngf\u00e4rdsskridskor<\/a><\/li>\n<li><a href=\"https:\/\/disk.yandex.ru\/d\/nNRWojJrrDNHwg\">\u0412\u043e\u043f\u0440\u043e\u0441\u044b \u0438 \u043e\u0442\u0432\u0435\u0442\u044b, \u0447.1<\/a><\/li>\n<li><a href=\"https:\/\/disk.yandex.ru\/d\/7v794LhogijvIw\">\u0412\u043e\u043f\u0440\u043e\u0441\u044b \u0438 \u043e\u0442\u0432\u0435\u0442\u044b, \u0447.2<\/a><\/li>\n<\/ol>\n","protected":false},"excerpt":{"rendered":"<p>\u041a\u043e\u043d\u044c\u043a\u0438 \u043d\u0430 \u043f\u0440\u0438\u0440\u043e\u0434\u0435 &#8212; \u044d\u0442\u043e \u0441\u0432\u043e\u0431\u043e\u0434\u0430 \u00a0\u043c\u0435\u0447\u0442\u044b! \u041a\u043e\u043d\u044c\u043a\u0438 &#8212; \u044d\u0442\u043e \u0441\u043b\u043e\u0432\u043e, \u043a\u043e\u0442\u043e\u0440\u043e\u0435 \u043e\u0431\u044a\u0435\u0434\u0438\u043d\u044f\u0435\u0442 \u0442\u0430\u043a\u0438\u0435 \u0440\u0430\u0437\u043d\u044b\u0435 \u0434\u0438\u0441\u0446\u0438\u043f\u043b\u0438\u043d\u044b \u043a\u0430\u043a \u0444\u0438\u0433\u0443\u0440\u043d\u043e\u0435 \u043a\u0430\u0442\u0430\u043d\u0438\u0435, \u0445\u043e\u043a\u043a\u0435\u0439, \u0441\u043a\u043e\u0440\u043e\u0441\u0442\u043d\u043e\u0439 \u0431\u0435\u0433, \u0448\u043e\u0440\u0442-\u0442\u0440\u0435\u043a, \u043a\u0430\u0442\u0430\u043d\u0438\u0435 \u043d\u0430 \u0434\u043b\u0438\u043d\u043d\u044b\u0435 \u0434\u0438\u0441\u0442\u0430\u043d\u0446\u0438\u0438 (\u0433\u043e\u043b\u043b\u0430\u043d\u0434\u0441\u043a\u043e\u0435), \u043f\u043e\u0445\u043e\u0434\u044b, \u043f\u0443\u0442\u0435\u0448\u0435\u0441\u0442\u0432\u0438\u044f \u043d\u0430 \u0434\u043b\u0438\u043d\u043d\u044b\u0435 \u0434\u0438\u0441\u0442\u0430\u043d\u0446\u0438\u0438 (\u0448\u0432\u0435\u0434\u0441\u043a\u0438\u0435), \u0430 \u0442\u0430\u043a\u0436\u0435 \u043a\u0430\u0442\u043e\u043a \u0432\u043e \u0434\u0432\u043e\u0440\u0435 \u0438\u043b\u0438 &hellip; <a href=\"https:\/\/n-skater.ru\/?page_id=207\">\u0427\u0438\u0442\u0430\u0442\u044c \u0434\u0430\u043b\u0435\u0435 <span class=\"meta-nav\">&rarr;<\/span><\/a><\/p>\n","protected":false},"author":3,"featured_media":0,"parent":0,"menu_order":0,"comment_status":"closed","ping_status":"closed","template":"","meta":{"footnotes":""},"class_list":["post-207","page","type-page","status-publish","hentry"],"jetpack_sharing_enabled":true,"_links":{"self":[{"href":"https:\/\/n-skater.ru\/index.php?rest_route=\/wp\/v2\/pages\/207","targetHints":{"allow":["GET"]}}],"collection":[{"href":"https:\/\/n-skater.ru\/index.php?rest_route=\/wp\/v2\/pages"}],"about":[{"href":"https:\/\/n-skater.ru\/index.php?rest_route=\/wp\/v2\/types\/page"}],"author":[{"embeddable":true,"href":"https:\/\/n-skater.ru\/index.php?rest_route=\/wp\/v2\/users\/3"}],"replies":[{"embeddable":true,"href":"https:\/\/n-skater.ru\/index.php?rest_route=%2Fwp%2Fv2%2Fcomments&post=207"}],"version-history":[{"count":23,"href":"https:\/\/n-skater.ru\/index.php?rest_route=\/wp\/v2\/pages\/207\/revisions"}],"predecessor-version":[{"id":2936,"href":"https:\/\/n-skater.ru\/index.php?rest_route=\/wp\/v2\/pages\/207\/revisions\/2936"}],"wp:attachment":[{"href":"https:\/\/n-skater.ru\/index.php?rest_route=%2Fwp%2Fv2%2Fmedia&parent=207"}],"curies":[{"name":"wp","href":"https:\/\/api.w.org\/{rel}","templated":true}]}}